{"id":107,"date":"2020-05-11T09:41:49","date_gmt":"2020-05-11T09:41:49","guid":{"rendered":"https:\/\/ludwig.in-chemnitz.de\/chrono\/?page_id=107"},"modified":"2020-05-22T16:01:52","modified_gmt":"2020-05-22T16:01:52","slug":"downloads","status":"publish","type":"page","link":"https:\/\/ludwig.in-chemnitz.de\/chrono\/downloads\/","title":{"rendered":"Downloads"},"content":{"rendered":"\n<p>Hier k\u00f6nnen Sie die Originalarbeiten herunterladen.<\/p>\n\n\n\n<p>In der Besonderen Lernleistung wurde der Fokus auf das Wissen gelegt. Ein gro\u00dfer Teil dieser Arbeit beschreibt die Chronobiologie und versucht die f\u00fcr meine Arbeit relevanten Vorg\u00e4nge zu erkl\u00e4ren:<\/p>\n\n\n\n<p>Zum Download der <strong>Besonderen Lernleistung<\/strong>: <a rel=\"noreferrer noopener\" href=\"https:\/\/cloud.mathe-insel.de\/index.php\/s\/1CpY8UCJDc4M4rW\" target=\"_blank\">https:\/\/cloud.mathe-insel.de\/index.php\/s\/1CpY8UCJDc4M4rW<\/a><\/p>\n\n\n\n<p>In meiner Jugend-forscht-Arbeit habe ich den Fokus auf die Auswertung gelegt. Hierbei geht es weniger um das bereits Bekannte, als um die wissenschaftlich bzw. statistisch exakte Auswertung meiner eigenen Daten:<\/p>\n\n\n\n<p>Zum Download der <strong>Jugend-forscht-Arbeit<\/strong>: <a rel=\"noreferrer noopener\" href=\"https:\/\/cloud.mathe-insel.de\/index.php\/s\/p3ggfx3jsPjjc8B\" target=\"_blank\">https:\/\/cloud.mathe-insel.de\/index.php\/s\/p3ggfx3jsPjjc8B<\/a><\/p>\n\n\n\n<p>Als Grundlage f\u00fcr meine Arbeit hab ich den<strong> MCTQ (Munich ChronoType Questionnaire)<\/strong> genutzt. Mit dessen Hilfe kann man den individuellen Chronotypen herausfinden. Er wurde 2000 von Dr. Till Roenneberg entwickelt und seitdem stetig weiter entwickelt. Er findet weltweit Verwendung. Weitere Informationen sowie den <strong>originalen Fragebogen<\/strong> finden Sie unter: <a rel=\"noreferrer noopener\" href=\"https:\/\/www.thewep.org\/documentations\/mctq\" target=\"_blank\">https:\/\/www.thewep.org\/documentations\/mctq<\/a>. F\u00fcr Fragen dazu stehe ich Ihnen gerne per Email oder in den Kommentaren zur Verf\u00fcgung.<\/p>\n\n\n\n<p><\/p>\n","protected":false},"excerpt":{"rendered":"<p>Hier k\u00f6nnen Sie die Originalarbeiten herunterladen. In der Besonderen Lernleistung wurde der Fokus auf das Wissen gelegt. Ein gro\u00dfer Teil dieser Arbeit beschreibt die Chronobiologie und versucht die f\u00fcr meine Arbeit relevanten Vorg\u00e4nge zu erkl\u00e4ren: Zum Download der Besonderen Lernleistung: https:\/\/cloud.mathe-insel.de\/index.php\/s\/1CpY8UCJDc4M4rW In meiner Jugend-forscht-Arbeit habe ich den Fokus auf die Auswertung gelegt. Hierbei geht es&#8230;<\/p>\n","protected":false},"author":1,"featured_media":0,"parent":0,"menu_order":0,"comment_status":"open","ping_status":"closed","template":"","meta":{"footnotes":""},"_links":{"self":[{"href":"https:\/\/ludwig.in-chemnitz.de\/chrono\/wp-json\/wp\/v2\/pages\/107"}],"collection":[{"href":"https:\/\/ludwig.in-chemnitz.de\/chrono\/wp-json\/wp\/v2\/pages"}],"about":[{"href":"https:\/\/ludwig.in-chemnitz.de\/chrono\/wp-json\/wp\/v2\/types\/page"}],"author":[{"embeddable":true,"href":"https:\/\/ludwig.in-chemnitz.de\/chrono\/wp-json\/wp\/v2\/users\/1"}],"replies":[{"embeddable":true,"href":"https:\/\/ludwig.in-chemnitz.de\/chrono\/wp-json\/wp\/v2\/comments?post=107"}],"version-history":[{"count":6,"href":"https:\/\/ludwig.in-chemnitz.de\/chrono\/wp-json\/wp\/v2\/pages\/107\/revisions"}],"predecessor-version":[{"id":275,"href":"https:\/\/ludwig.in-chemnitz.de\/chrono\/wp-json\/wp\/v2\/pages\/107\/revisions\/275"}],"wp:attachment":[{"href":"https:\/\/ludwig.in-chemnitz.de\/chrono\/wp-json\/wp\/v2\/media?parent=107"}],"curies":[{"name":"wp","href":"https:\/\/api.w.org\/{rel}","templated":true}]}}