{"id":210,"date":"2020-05-21T14:23:15","date_gmt":"2020-05-21T14:23:15","guid":{"rendered":"https:\/\/ludwig.in-chemnitz.de\/chrono\/?page_id=210"},"modified":"2020-05-22T09:45:21","modified_gmt":"2020-05-22T09:45:21","slug":"glossar","status":"publish","type":"page","link":"https:\/\/ludwig.in-chemnitz.de\/chrono\/glossar\/","title":{"rendered":"Quellen &#038; Glossar"},"content":{"rendered":"\n<p>Hier sind die Quellen und die meisten Begriffe aufgef\u00fchrt. Wenn euch eine Erl\u00e4uterung fehlt schreibt es gerne in die Kommentare. Um nur die das Glossar (bzw. die Quellen) zu sehen w\u00e4hlt die entsprechende Familie aus.<\/p>\n\n\n\n<div class='kttg_glossary_div'><div class='kttg_glossary_families'><label>Select a family : <\/label><select name='kttg-glossary-family' onchange='document.location.href=changeQueryStringParameter(\"https:\/\/ludwig.in-chemnitz.de\/chrono\/glossar\/\",\"cat\",this.options[this.selectedIndex].value);'><option value='all_families'>All families<\/option><option value=\"glossar\" >Glossar (11)<\/option><option value=\"quellen\" >Quellen (12)<\/option><\/select><\/div><div class=\"kttg_glossary_header\"><span class=\"bluet_glossary_all bluet_glossary_current_letter\"><a href='https:\/\/ludwig.in-chemnitz.de\/chrono\/glossar\/'>ALL<\/a><\/span> -  <span class=\"bluet_glossary_letter bluet_glossary_found_letter \"><a href='https:\/\/ludwig.in-chemnitz.de\/chrono\/my_keywords\/zeitgeber\/?letter=['>[<span class=\"bluet_glossary_letter_count\">12<\/span><\/a><\/span> <span class=\"bluet_glossary_letter bluet_glossary_found_letter \"><a href='https:\/\/ludwig.in-chemnitz.de\/chrono\/my_keywords\/zeitgeber\/?letter=B'>B<span class=\"bluet_glossary_letter_count\">1<\/span><\/a><\/span> <span class=\"bluet_glossary_letter bluet_glossary_found_letter \"><a href='https:\/\/ludwig.in-chemnitz.de\/chrono\/my_keywords\/zeitgeber\/?letter=C'>C<span class=\"bluet_glossary_letter_count\">4<\/span><\/a><\/span> <span class=\"bluet_glossary_letter bluet_glossary_found_letter \"><a href='https:\/\/ludwig.in-chemnitz.de\/chrono\/my_keywords\/zeitgeber\/?letter=I'>I<span class=\"bluet_glossary_letter_count\">2<\/span><\/a><\/span> <span class=\"bluet_glossary_letter bluet_glossary_found_letter \"><a href='https:\/\/ludwig.in-chemnitz.de\/chrono\/my_keywords\/zeitgeber\/?letter=L'>L<span class=\"bluet_glossary_letter_count\">1<\/span><\/a><\/span> <span class=\"bluet_glossary_letter bluet_glossary_found_letter \"><a href='https:\/\/ludwig.in-chemnitz.de\/chrono\/my_keywords\/zeitgeber\/?letter=M'>M<span class=\"bluet_glossary_letter_count\">2<\/span><\/a><\/span> <span class=\"bluet_glossary_letter bluet_glossary_found_letter \"><a href='https:\/\/ludwig.in-chemnitz.de\/chrono\/my_keywords\/zeitgeber\/?letter=U'>U<span class=\"bluet_glossary_letter_count\">2<\/span><\/a><\/span> <span class=\"bluet_glossary_letter bluet_glossary_found_letter \"><a href='https:\/\/ludwig.in-chemnitz.de\/chrono\/my_keywords\/zeitgeber\/?letter=Z'>Z<span class=\"bluet_glossary_letter_count\">1<\/span><\/a><\/span><\/div><div class=\"kttg_glossary_content\"><ul><li class=\"kttg_glossary_element\" style=\"list-style-type: none;\">\n\t\t\t\t\t\t\t<h2 class=\"kttg_glossary_element_title\">[Borisenkov, 2011] <sub>[ <a href='https:\/\/ludwig.in-chemnitz.de\/chrono\/my_keywords\/zeitgeber\/?cat=quellen'>quellen<\/a> ]<\/sub><\/h2>\n\t\t\t\t\t\t\t<div class=\"kttg_glossary_element_content\">\n\t\t\t\t\t\t\t<span style=\"font-family: Liberation Serif, serif;\">Borisenkov MF, Latitude of residence and position in time zone are predictors of cancer incidence, cancer mortality, and life expectancy at birth., 2011<\/span>\r\n\r\n<a href=\"https:\/\/www.ncbi.nlm.nih.gov\/pubmed\/21231877\" target=\"_blank\" rel=\"noopener noreferrer\"><span style=\"font-family: Liberation Serif, serif;\">https:\/\/www.ncbi.nlm.nih.gov\/pubmed\/21231877<\/span><\/a>\r\n\r\nAufgerufen am 5. Januar 2020 um 20:00 Uhr<\/div>\n\t\t\t\t\t\t<\/li><li class=\"kttg_glossary_element\" style=\"list-style-type: none;\">\n\t\t\t\t\t\t\t<h2 class=\"kttg_glossary_element_title\">[Diaz-Morales\/Escirbano, 2015] <sub>[ <a href='https:\/\/ludwig.in-chemnitz.de\/chrono\/my_keywords\/zeitgeber\/?cat=quellen'>quellen<\/a> ]<\/sub><\/h2>\n\t\t\t\t\t\t\t<div class=\"kttg_glossary_element_content\">\n\t\t\t\t\t\t\t<span style=\"font-family: Liberation Serif, serif;\">D\u00edaz-Morales, Juan F.\/Escribano, Cristina, Social jetlag, academic achievement and cognitive performance: Understanding gender\/sex differences, 2015,<\/span>\r\n\r\n<a href=\"https:\/\/www.tandfonline.com\/doi\/abs\/10.3109\/07420528.2015.1041599\" target=\"_blank\" rel=\"noopener noreferrer\"><span style=\"font-family: Liberation Serif, serif;\">https:\/\/www.tandfonline.com\/doi\/abs\/10.3109\/07420528.2015.1041599<\/span><\/a>\r\n\r\nAufgerufen am 5. Januar 2020 um 20:00 Uhr<\/div>\n\t\t\t\t\t\t<\/li><li class=\"kttg_glossary_element\" style=\"list-style-type: none;\">\n\t\t\t\t\t\t\t<h2 class=\"kttg_glossary_element_title\">[Goebel\/Hertwig, 1908] <sub>[ <a href='https:\/\/ludwig.in-chemnitz.de\/chrono\/my_keywords\/zeitgeber\/?cat=quellen'>quellen<\/a> ]<\/sub><\/h2>\n\t\t\t\t\t\t\t<div class=\"kttg_glossary_element_content\">\n\t\t\t\t\t\t\t<span style=\"font-family: Liberation Serif, serif;\">Goebel, Dr. K.\/Hertwig, Dr. R., Biologisches Centralblatt, 1908<\/span><\/div>\n\t\t\t\t\t\t<\/li><li class=\"kttg_glossary_element\" style=\"list-style-type: none;\">\n\t\t\t\t\t\t\t<h2 class=\"kttg_glossary_element_title\">[Klarsfeld, 2013] <sub>[ <a href='https:\/\/ludwig.in-chemnitz.de\/chrono\/my_keywords\/zeitgeber\/?cat=quellen'>quellen<\/a> ]<\/sub><\/h2>\n\t\t\t\t\t\t\t<div class=\"kttg_glossary_element_content\">\n\t\t\t\t\t\t\t<span style=\"font-family: Liberation Serif, serif;\">Andr\u00e9 Klarsfeld, Aux aurores de la chronobiologie, 2013,<\/span>\r\n\r\n<span style=\"font-family: Liberation Serif, serif;\"><a href=\"https:\/\/www.bibnum.education.fr\/sciencesdelavie\/biologie\/observation-botanique#1\" target=\"_blank\" rel=\"noopener noreferrer\">https:\/\/www.bibnum.education.fr\/sciencesdelavie\/biologie\/observation-botanique#1<\/a><\/span>\r\n\r\n<span style=\"font-family: Liberation Serif, serif;\">Aufgerufen am 5. Januar 2020 um 20:00 Uhr\r\n<\/span><\/div>\n\t\t\t\t\t\t<\/li><li class=\"kttg_glossary_element\" style=\"list-style-type: none;\">\n\t\t\t\t\t\t\t<h2 class=\"kttg_glossary_element_title\">[McHill, 2018] <sub>[ <a href='https:\/\/ludwig.in-chemnitz.de\/chrono\/my_keywords\/zeitgeber\/?cat=quellen'>quellen<\/a> ]<\/sub><\/h2>\n\t\t\t\t\t\t\t<div class=\"kttg_glossary_element_content\">\n\t\t\t\t\t\t\t<span style=\"font-family: Liberation Serif, serif;\">Andrew W. McHill, Joseph T. Hull, Wei Wang, Charles A. Czeisler, Elizabeth B. Klerman, Chronic sleep curtailment, even without extended (&gt;16-h) wakefulness, degrades human vigilance performance, 2018,<\/span>\r\n\r\n<a href=\"https:\/\/www.pnas.org\/content\/115\/23\/6070\" target=\"_blank\" rel=\"noopener noreferrer\"><span style=\"font-family: Liberation Serif, serif;\">https:\/\/www.pnas.org\/content\/115\/23\/6070<\/span><\/a>\r\n\r\nAufgerufen am 5. Januar 2020 um 20:00 Uhr<\/div>\n\t\t\t\t\t\t<\/li><li class=\"kttg_glossary_element\" style=\"list-style-type: none;\">\n\t\t\t\t\t\t\t<h2 class=\"kttg_glossary_element_title\">[nobelprize.org (b), 2017] <sub>[ <a href='https:\/\/ludwig.in-chemnitz.de\/chrono\/my_keywords\/zeitgeber\/?cat=quellen'>quellen<\/a> ]<\/sub><\/h2>\n\t\t\t\t\t\t\t<div class=\"kttg_glossary_element_content\">\n\t\t\t\t\t\t\t<span style=\"font-family: Liberation Serif, serif;\">Nobel Media AB 2020, The Nobel Prize in Physiology or Medicine 2017,<\/span>\r\n\r\n<a href=\"https:\/\/www.nobelprize.org\/prizes\/medicine\/2017\/press-release\/\" target=\"_blank\" rel=\"noopener noreferrer\"><span style=\"font-family: Liberation Serif, serif;\"> https:\/\/www.nobelprize.org\/prizes\/medicine\/2017\/press-release\/<\/span><\/a>\r\n\r\nAufgerufen am 5. Januar 2020 um 20:00 Uhr<\/div>\n\t\t\t\t\t\t<\/li><li class=\"kttg_glossary_element\" style=\"list-style-type: none;\">\n\t\t\t\t\t\t\t<h2 class=\"kttg_glossary_element_title\">[nobelprize.org, 2017] <sub>[ <a href='https:\/\/ludwig.in-chemnitz.de\/chrono\/my_keywords\/zeitgeber\/?cat=quellen'>quellen<\/a> ]<\/sub><\/h2>\n\t\t\t\t\t\t\t<div class=\"kttg_glossary_element_content\">\n\t\t\t\t\t\t\t<p class=\"western\"><span style=\"font-family: Liberation Serif, serif;\">The Nobel Prize in Physiology or Medicine 2017,<\/span><\/p>\r\n<a href=\"https:\/\/www.nobelprize.org\/prizes\/medicine\/2017\/summary\/\" target=\"_blank\" rel=\"noopener noreferrer\"><span style=\"font-family: Liberation Serif, serif;\"> https:\/\/www.nobelprize.org\/prizes\/medicine\/2017\/summary\/<\/span><\/a>\r\n\r\nAufgerufen am 5. Januar um 20:00 Uhr<\/div>\n\t\t\t\t\t\t<\/li><li class=\"kttg_glossary_element\" style=\"list-style-type: none;\">\n\t\t\t\t\t\t\t<h2 class=\"kttg_glossary_element_title\">[Randler\/Frech, 2006] <sub>[ <a href='https:\/\/ludwig.in-chemnitz.de\/chrono\/my_keywords\/zeitgeber\/?cat=quellen'>quellen<\/a> ]<\/sub><\/h2>\n\t\t\t\t\t\t\t<div class=\"kttg_glossary_element_content\">\n\t\t\t\t\t\t\t<p class=\"western\"><span style=\"font-family: Liberation Serif, serif;\">Randler, Christoph\/Frech, Daniela, Correlation between morningness \u2013 eveningness and final school leaving exams, 2006,<\/span><\/p>\r\n<a href=\"https:\/\/www.tandfonline.com\/doi\/abs\/10.1080\/09291010600645780\" target=\"_blank\" rel=\"noopener noreferrer\"><span style=\"font-family: Liberation Serif, serif;\"> https:\/\/www.tandfonline.com\/doi\/abs\/10.1080\/09291010600645780<\/span><\/a>\r\n\r\nAufgerufen am 5. Januar 2020 um 20:00 Uhr<\/div>\n\t\t\t\t\t\t<\/li><li class=\"kttg_glossary_element\" style=\"list-style-type: none;\">\n\t\t\t\t\t\t\t<h2 class=\"kttg_glossary_element_title\">[Roenneberger, 2019, S. 193] <sub>[ <a href='https:\/\/ludwig.in-chemnitz.de\/chrono\/my_keywords\/zeitgeber\/?cat=quellen'>quellen<\/a> ]<\/sub><\/h2>\n\t\t\t\t\t\t\t<div class=\"kttg_glossary_element_content\">\n\t\t\t\t\t\t\t<span style=\"font-family: Liberation Serif, serif;\">Roenneberger, Til, Das Recht auf Schlaf, 2019<\/span><\/div>\n\t\t\t\t\t\t<\/li><li class=\"kttg_glossary_element\" style=\"list-style-type: none;\">\n\t\t\t\t\t\t\t<h2 class=\"kttg_glossary_element_title\">[Schwarz, 2001] <sub>[ <a href='https:\/\/ludwig.in-chemnitz.de\/chrono\/my_keywords\/zeitgeber\/?cat=quellen'>quellen<\/a> ]<\/sub><\/h2>\n\t\t\t\t\t\t\t<div class=\"kttg_glossary_element_content\">\n\t\t\t\t\t\t\t<p class=\"western\"><span style=\"font-family: Liberation Serif, serif;\">Schwarz, Holm-Dietmar, Neue Deutsche Biographie 20, 2001<\/span><\/p>\r\n<a href=\"https:\/\/www.deutsche-biographie.de\/pnd118740733.html#ndbcontent\" target=\"_blank\" rel=\"noopener noreferrer\"><span style=\"font-family: Liberation Serif, serif;\"> https:\/\/www.deutsche-biographie.de\/pnd118740733.html#ndbcontent<\/span><\/a>\r\n\r\nAufgerufen am 5. Januar 2020 um 20:00 Uhr<\/div>\n\t\t\t\t\t\t<\/li><li class=\"kttg_glossary_element\" style=\"list-style-type: none;\">\n\t\t\t\t\t\t\t<h2 class=\"kttg_glossary_element_title\">[Spork, 2011] <sub>[ <a href='https:\/\/ludwig.in-chemnitz.de\/chrono\/my_keywords\/zeitgeber\/?cat=quellen'>quellen<\/a> ]<\/sub><\/h2>\n\t\t\t\t\t\t\t<div class=\"kttg_glossary_element_content\">\n\t\t\t\t\t\t\t<span style=\"font-family: Liberation Serif, serif;\">Peter Spork, Das Uhrwek der Natur: Chronobiologie - Leben mit der Zeit, 2011<\/span><\/div>\n\t\t\t\t\t\t<\/li><li class=\"kttg_glossary_element\" style=\"list-style-type: none;\">\n\t\t\t\t\t\t\t<h2 class=\"kttg_glossary_element_title\">[Steinmetz\/Forster] <sub>[ <a href='https:\/\/ludwig.in-chemnitz.de\/chrono\/my_keywords\/zeitgeber\/?cat=quellen'>quellen<\/a> ]<\/sub><\/h2>\n\t\t\t\t\t\t\t<div class=\"kttg_glossary_element_content\">\n\t\t\t\t\t\t\t<span style=\"font-family: Liberation Serif, serif;\">Steinmetz, Karl-Otto\/Forster, \uf020Andreas, Physiologie des Schlafes,<\/span>\r\n\r\n<span style=\"font-family: Liberation Serif, serif;\"><a href=\"https:\/\/www.apollon-hochschule.de\/fileadmin\/content\/pdf\/HZK\/Probelektionen\/Probekapitel_Schlafmedizin_SLAFH02.pdf\" target=\"_blank\" rel=\"noopener noreferrer\">https:\/\/www.apollon-hochschule.de\/fileadmin\/content\/pdf\/HZK\/Probelektionen\/Probekapitel_Schlafmedizin_SLAFH02.pdf<\/a><\/span>\r\n\r\nAufgerufen am 5. Januar um 20:00 Uhr<\/div>\n\t\t\t\t\t\t<\/li><li class=\"kttg_glossary_element\" style=\"list-style-type: none;\">\n\t\t\t\t\t\t\t<h2 class=\"kttg_glossary_element_title\">Besondere Lerneistung <sub>[ <a href='https:\/\/ludwig.in-chemnitz.de\/chrono\/my_keywords\/zeitgeber\/?cat=glossar'>glossar<\/a> ]<\/sub><\/h2>\n\t\t\t\t\t\t\t<div class=\"kttg_glossary_element_content\">\n\t\t\t\t\t\t\tEine Besondere Lernleistung ist eine komplexe Arbeit eines oder zweier Sch\u00fcler in der gymnasialen Oberstufe und kann als 5. Pr\u00fcfung im Abitur gewertet werden. Ein wissenschaftlicher Neuwert ist nicht erforderlich.<\/div>\n\t\t\t\t\t\t<\/li><li class=\"kttg_glossary_element\" style=\"list-style-type: none;\">\n\t\t\t\t\t\t\t<h2 class=\"kttg_glossary_element_title\">Chronobiologie <sub>[ <a href='https:\/\/ludwig.in-chemnitz.de\/chrono\/my_keywords\/zeitgeber\/?cat=glossar'>glossar<\/a> ]<\/sub><\/h2>\n\t\t\t\t\t\t\t<div class=\"kttg_glossary_element_content\">\n\t\t\t\t\t\t\tTeilgebiet der Biologie<\/div>\n\t\t\t\t\t\t<\/li><li class=\"kttg_glossary_element\" style=\"list-style-type: none;\">\n\t\t\t\t\t\t\t<h2 class=\"kttg_glossary_element_title\">Chronotyp <sub>[ <a href='https:\/\/ludwig.in-chemnitz.de\/chrono\/my_keywords\/zeitgeber\/?cat=glossar'>glossar<\/a> ]<\/sub><\/h2>\n\t\t\t\t\t\t\t<div class=\"kttg_glossary_element_content\">\n\t\t\t\t\t\t\tDer individuelle Chronotyp wird definiert \u00fcber die Schlafmitte der nat\u00fcrlichen Schlafenszeit. Mit ihm lassen sich Menschen in verschiedene Typen (von extremer Fr\u00fchtyp bis extremer Sp\u00e4ttyp) einteilen.<\/div>\n\t\t\t\t\t\t<\/li><li class=\"kttg_glossary_element\" style=\"list-style-type: none;\">\n\t\t\t\t\t\t\t<h2 class=\"kttg_glossary_element_title\">Circadian <sub>[ <a href='https:\/\/ludwig.in-chemnitz.de\/chrono\/my_keywords\/zeitgeber\/?cat=glossar'>glossar<\/a> ]<\/sub><\/h2>\n\t\t\t\t\t\t\t<div class=\"kttg_glossary_element_content\">\n\t\t\t\t\t\t\tBezeichnet biologische Rhythmen mit einer Periodendauer von circa einem Tag.<\/div>\n\t\t\t\t\t\t<\/li><li class=\"kttg_glossary_element\" style=\"list-style-type: none;\">\n\t\t\t\t\t\t\t<h2 class=\"kttg_glossary_element_title\">Circalunar <sub>[ <a href='https:\/\/ludwig.in-chemnitz.de\/chrono\/my_keywords\/zeitgeber\/?cat=glossar'>glossar<\/a> ]<\/sub><\/h2>\n\t\t\t\t\t\t\t<div class=\"kttg_glossary_element_content\">\n\t\t\t\t\t\t\tBezeichnet biologische Rhythmen mit einer Periodendauer von circa einem Jahr.<\/div>\n\t\t\t\t\t\t<\/li><li class=\"kttg_glossary_element\" style=\"list-style-type: none;\">\n\t\t\t\t\t\t\t<h2 class=\"kttg_glossary_element_title\">Infradian <sub>[ <a href='https:\/\/ludwig.in-chemnitz.de\/chrono\/my_keywords\/zeitgeber\/?cat=glossar'>glossar<\/a> ]<\/sub><\/h2>\n\t\t\t\t\t\t\t<div class=\"kttg_glossary_element_content\">\n\t\t\t\t\t\t\tBezeichnet biologische Rhythmen mit einer Periodendauer l\u00e4nger als ein Tag. (z.B. 1 Jahr bei Zugv\u00f6geln)<\/div>\n\t\t\t\t\t\t<\/li><li class=\"kttg_glossary_element\" style=\"list-style-type: none;\">\n\t\t\t\t\t\t\t<h2 class=\"kttg_glossary_element_title\">Innere Uhr <sub>[ <a href='https:\/\/ludwig.in-chemnitz.de\/chrono\/my_keywords\/zeitgeber\/?cat=glossar'>glossar<\/a> ]<\/sub><\/h2>\n\t\t\t\t\t\t\t<div class=\"kttg_glossary_element_content\">\n\t\t\t\t\t\t\tDie innere Uhr bezeichnet periodisch ablaufende Reaktionen in den Zellen, die Funktionen des K\u00f6rpers zeitlich steuern.<\/div>\n\t\t\t\t\t\t<\/li><li class=\"kttg_glossary_element\" style=\"list-style-type: none;\">\n\t\t\t\t\t\t\t<h2 class=\"kttg_glossary_element_title\">LimeSurvey <sub>[ <a href='https:\/\/ludwig.in-chemnitz.de\/chrono\/my_keywords\/zeitgeber\/?cat=glossar'>glossar<\/a> ]<\/sub><\/h2>\n\t\t\t\t\t\t\t<div class=\"kttg_glossary_element_content\">\n\t\t\t\t\t\t\tEin Online-Umfragetool, welches Berechungen und Auswertungen w\u00e4hrend der Eingabe unterst\u00fctzt. Liegt auf dem s\u00e4chsischen Bildungsserver.<\/div>\n\t\t\t\t\t\t<\/li><li class=\"kttg_glossary_element\" style=\"list-style-type: none;\">\n\t\t\t\t\t\t\t<h2 class=\"kttg_glossary_element_title\">MCTQ <sub>[ <a href='https:\/\/ludwig.in-chemnitz.de\/chrono\/my_keywords\/zeitgeber\/?cat=glossar'>glossar<\/a> ]<\/sub><\/h2>\n\t\t\t\t\t\t\t<div class=\"kttg_glossary_element_content\">\n\t\t\t\t\t\t\tMunich Chronotype Questionnaire (M\u00fcncher Schlaffragebogen) ist eine Fragebogen zur Bestimmung des Chronotypen.<\/div>\n\t\t\t\t\t\t<\/li><li class=\"kttg_glossary_element\" style=\"list-style-type: none;\">\n\t\t\t\t\t\t\t<h2 class=\"kttg_glossary_element_title\">Modulo-Funktion <\/h2>\n\t\t\t\t\t\t\t<div class=\"kttg_glossary_element_content\">\n\t\t\t\t\t\t\tWird eine Zahl x modulo einer Zahl y genommen, erh\u00e4lt man die Restklasse in welcher sich x bez\u00fcglich y befindet. Also welchen Rest x bei der Teilung durch y l\u00e4sst.<\/div>\n\t\t\t\t\t\t<\/li><li class=\"kttg_glossary_element\" style=\"list-style-type: none;\">\n\t\t\t\t\t\t\t<h2 class=\"kttg_glossary_element_title\">Ultradian <sub>[ <a href='https:\/\/ludwig.in-chemnitz.de\/chrono\/my_keywords\/zeitgeber\/?cat=glossar'>glossar<\/a> ]<\/sub><\/h2>\n\t\t\t\t\t\t\t<div class=\"kttg_glossary_element_content\">\n\t\t\t\t\t\t\tBezeichnet biologische Rhythmen mit einer Periodendauer weniger als ein Tag. (z.B. 6h bei Ebbe und Flut)<\/div>\n\t\t\t\t\t\t<\/li><li class=\"kttg_glossary_element\" style=\"list-style-type: none;\">\n\t\t\t\t\t\t\t<h2 class=\"kttg_glossary_element_title\">Unixzeit <\/h2>\n\t\t\t\t\t\t\t<div class=\"kttg_glossary_element_content\">\n\t\t\t\t\t\t\tIst die Anzahl der Sekunden, die seit dem 01.01.1970 00:00 Uhr vergangen sind.<\/div>\n\t\t\t\t\t\t<\/li><li class=\"kttg_glossary_element\" style=\"list-style-type: none;\">\n\t\t\t\t\t\t\t<h2 class=\"kttg_glossary_element_title\">Zeitgeber <sub>[ <a href='https:\/\/ludwig.in-chemnitz.de\/chrono\/my_keywords\/zeitgeber\/?cat=glossar'>glossar<\/a> ]<\/sub><\/h2>\n\t\t\t\t\t\t\t<div class=\"kttg_glossary_element_content\">\n\t\t\t\t\t\t\tsind \u00e4u\u00dfere Umwelteinfl\u00fcsse, die die Innere Uhr mit der Au\u00dfenzeit synchronisieren. Bei Mensch ist es vorallem das Sonnenlicht.<\/div>\n\t\t\t\t\t\t<\/li><\/ul><\/div> <\/div>\n","protected":false},"excerpt":{"rendered":"<p>Hier sind die Quellen und die meisten Begriffe aufgef\u00fchrt. Wenn euch eine Erl\u00e4uterung fehlt schreibt es gerne in die Kommentare. Um nur die das Glossar (bzw. die Quellen) zu sehen w\u00e4hlt die entsprechende Familie aus.<\/p>\n","protected":false},"author":1,"featured_media":0,"parent":0,"menu_order":0,"comment_status":"closed","ping_status":"closed","template":"","meta":{"footnotes":""},"_links":{"self":[{"href":"https:\/\/ludwig.in-chemnitz.de\/chrono\/wp-json\/wp\/v2\/pages\/210"}],"collection":[{"href":"https:\/\/ludwig.in-chemnitz.de\/chrono\/wp-json\/wp\/v2\/pages"}],"about":[{"href":"https:\/\/ludwig.in-chemnitz.de\/chrono\/wp-json\/wp\/v2\/types\/page"}],"author":[{"embeddable":true,"href":"https:\/\/ludwig.in-chemnitz.de\/chrono\/wp-json\/wp\/v2\/users\/1"}],"replies":[{"embeddable":true,"href":"https:\/\/ludwig.in-chemnitz.de\/chrono\/wp-json\/wp\/v2\/comments?post=210"}],"version-history":[{"count":3,"href":"https:\/\/ludwig.in-chemnitz.de\/chrono\/wp-json\/wp\/v2\/pages\/210\/revisions"}],"predecessor-version":[{"id":248,"href":"https:\/\/ludwig.in-chemnitz.de\/chrono\/wp-json\/wp\/v2\/pages\/210\/revisions\/248"}],"wp:attachment":[{"href":"https:\/\/ludwig.in-chemnitz.de\/chrono\/wp-json\/wp\/v2\/media?parent=210"}],"curies":[{"name":"wp","href":"https:\/\/api.w.org\/{rel}","templated":true}]}}