{"id":285,"date":"2020-05-22T18:50:03","date_gmt":"2020-05-22T18:50:03","guid":{"rendered":"https:\/\/ludwig.in-chemnitz.de\/chrono\/?page_id=285"},"modified":"2020-05-22T19:15:49","modified_gmt":"2020-05-22T19:15:49","slug":"ziele","status":"publish","type":"page","link":"https:\/\/ludwig.in-chemnitz.de\/chrono\/ziele\/","title":{"rendered":"Ziele"},"content":{"rendered":"\n<p>Das Ziel meiner Arbeit ist es, mittels Umfrage eine oder mehrere Zeitpunkte f\u00fcr den Schulbeginn zu finden, sodass die Mehrheit der Sch\u00fclerinnen und Sch\u00fcler ausreichend Schlaf bekommt und vor allem zu der Zeit, die ihrem Chronotyp entspricht. So w\u00e4ren sie w\u00e4hrend der Schulzeit aufmerksamer, aufnahmef\u00e4higer und leistungsf\u00e4higer. Ein passender Schulbeginn sollte sowohl zur Leistungssteigerung, als auch zu Zeitersparnissen f\u00fchren. Wenn in der Schule mehr aufgenommen werden kann, ist Zuhause weniger Zeit zum selbst\u00e4ndigen Lernen erforderlich.<\/p>\n\n\n\n<p>Wie schon im vorhergehenden Kapitel beschrieben, konnte Till Roenneberger Abh\u00e4ngigkeiten zwischen Alter, Geschlecht und Chronotypen feststellen. Mein Ziel ist diesen Zusammenhang auch mit den erhobenen Daten nachzuweisen. Dabei wird das Geschlecht f\u00fcr den Schulbeginn nicht ber\u00fccksichtigt werden k\u00f6nnen, jedoch w\u00e4re ein altersspezifischer Schulanfang denkbar, in dem die Klassenstufen zu unterschiedlich Zeiten Schulbeginn haben.<\/p>\n\n\n\n<p>Um die Dringlichkeit der Ber\u00fccksichtigung des Chronotypen noch besser zu verdeutlichen, m\u00f6chte ich auch die Nachteile der aktuellen Situation hervorheben. Dazu z\u00e4hlen das Schlafdefizit der Sch\u00fclerinnen und Sch\u00fcler in der Woche oder auch die Gr\u00f6\u00dfe der Social Jetlags an unserer Schule.<\/p>\n\n\n\n<p>Ein pers\u00f6nliches Ziel von mir ist au\u00dferdem, etwas von dem Wissen, welches ich in dieser Arbeit gesammelt habe, weiter zu geben. Die beste M\u00f6glichkeit sehe ich darin, dass die Umfrageteilnehmer am eigenen K\u00f6rper lernen. Aus ihren Antworten zusammen mit den Erkenntnisse der Chronobiologie k\u00f6nnen individuell Empfehlungen ausgesprochen werden, wie sie ihren Alltag besser gestalten k\u00f6nnen. Au\u00dferdem kann so Bewusstsein f\u00fcr die Bedeutung der Chronobiologie in unserem Leben geschaffen werden. Es sollte klar werden, welche Folgen es hat, wenn man die Forschungsergebnisse ignoriert. Vielleicht setzen die Teilnehmer sich selbstst\u00e4ndig weiter mit dem Thema auseinander oder k\u00e4mpfen f\u00fcr ges\u00fcndere Bedingungen in ihrem Lern- und Arbeitsumfeld.<\/p>\n\n\n\n<p>Jugend forscht ist eine weitere M\u00f6glichlichkeit, um auf das Thema aufmerksam zu machen. Deswegen freue ich mich auch Teil der #instachallenge zu sein, welche ins Leben gerufen wurde, nachdem der Landeswettbewerb wegen der Corona-Pandemie abgesagt wurde. Mehr dazu findet ihr <a href=\"https:\/\/ludwig.in-chemnitz.de\/chrono\/2020\/05\/01\/social-media\/\">hier<\/a>.<\/p>\n\n\n\n<h2 class=\"wp-block-heading\">Hypothesen<\/h2>\n\n\n\n<p>Um die soeben formulierten Ziele zu erreichen, ist es unerl\u00e4sslich, Hypothesen aufzustellen und diese Anhand der Umfrage, zu belegen oder zu widerlegen.<\/p>\n\n\n\n<ol><li>Gesundheitlich gesehen ist ein Schulbeginn vor 9:00 Uhr f\u00fcr den Durchschnitt der Sch\u00fclerinnen und Sch\u00fcler sch\u00e4dlich.<\/li><li>Der Chronotyp verschiebt sich w\u00e4hrend der Zeit als Teenager immer weiter nach hinten.<\/li><li>Jungen haben einen sp\u00e4teren Chronotyp als M\u00e4dchen.<\/li><\/ol>\n\n\n\n<div class=\"wp-block-buttons is-layout-flex wp-block-buttons-is-layout-flex\">\n<div class=\"wp-block-button\"><a class=\"wp-block-button__link has-text-color has-background has-vivid-green-cyan-background-color\" href=\"https:\/\/ludwig.in-chemnitz.de\/chrono\/hintergrund\/\" style=\"color:#ffffff\">Zur\u00fcck zum wissenschaftlichen Hintergrund<\/a><\/div>\n\n\n\n<div class=\"wp-block-button\"><a class=\"wp-block-button__link has-text-color has-background has-vivid-green-cyan-background-color\" href=\"https:\/\/ludwig.in-chemnitz.de\/chrono\/durchfuhrung\/\" style=\"color:#ffffff\">Weiter zur Durchf\u00fchrung<\/a><\/div>\n<\/div>\n\n\n\n<p><\/p>\n","protected":false},"excerpt":{"rendered":"<p>Das Ziel meiner Arbeit ist es, mittels Umfrage eine oder mehrere Zeitpunkte f\u00fcr den Schulbeginn zu finden, sodass die Mehrheit der Sch\u00fclerinnen und Sch\u00fcler ausreichend Schlaf bekommt und vor allem zu der Zeit, die ihrem Chronotyp entspricht. So w\u00e4ren sie w\u00e4hrend der Schulzeit aufmerksamer, aufnahmef\u00e4higer und leistungsf\u00e4higer. Ein passender Schulbeginn sollte sowohl zur Leistungssteigerung, als&#8230;<\/p>\n","protected":false},"author":1,"featured_media":0,"parent":0,"menu_order":0,"comment_status":"closed","ping_status":"closed","template":"","meta":{"footnotes":""},"_links":{"self":[{"href":"https:\/\/ludwig.in-chemnitz.de\/chrono\/wp-json\/wp\/v2\/pages\/285"}],"collection":[{"href":"https:\/\/ludwig.in-chemnitz.de\/chrono\/wp-json\/wp\/v2\/pages"}],"about":[{"href":"https:\/\/ludwig.in-chemnitz.de\/chrono\/wp-json\/wp\/v2\/types\/page"}],"author":[{"embeddable":true,"href":"https:\/\/ludwig.in-chemnitz.de\/chrono\/wp-json\/wp\/v2\/users\/1"}],"replies":[{"embeddable":true,"href":"https:\/\/ludwig.in-chemnitz.de\/chrono\/wp-json\/wp\/v2\/comments?post=285"}],"version-history":[{"count":2,"href":"https:\/\/ludwig.in-chemnitz.de\/chrono\/wp-json\/wp\/v2\/pages\/285\/revisions"}],"predecessor-version":[{"id":294,"href":"https:\/\/ludwig.in-chemnitz.de\/chrono\/wp-json\/wp\/v2\/pages\/285\/revisions\/294"}],"wp:attachment":[{"href":"https:\/\/ludwig.in-chemnitz.de\/chrono\/wp-json\/wp\/v2\/media?parent=285"}],"curies":[{"name":"wp","href":"https:\/\/api.w.org\/{rel}","templated":true}]}}