{"id":72,"date":"2020-05-10T09:56:29","date_gmt":"2020-05-10T09:56:29","guid":{"rendered":"https:\/\/ludwig.in-chemnitz.de\/chrono\/?page_id=72"},"modified":"2020-05-10T10:32:28","modified_gmt":"2020-05-10T10:32:28","slug":"impressum","status":"publish","type":"page","link":"https:\/\/ludwig.in-chemnitz.de\/chrono\/impressum\/","title":{"rendered":"Impressum"},"content":{"rendered":"\n<h3 class=\"wp-block-heading\">Haftung f\u00fcr Inhalte<\/h3>\n\n\n\n<p>Die auf den Web-Seiten abrufbaren Beitr\u00e4ge dienen nur der allgemeinen Information und nicht der Beratung in konkreten F\u00e4llen. Ich bin bem\u00fcht, f\u00fcr die Richtigkeit und Aktualit\u00e4t aller auf der Website enthaltenen Informationen und Daten gem\u00e4\u00df \u00a7 7 Abs.1 TMG zu sorgen. F\u00fcr die Korrektheit, die Vollst\u00e4ndigkeit, die Aktualit\u00e4t oder Qualit\u00e4t der bereitgestellten Informationen und Daten wird jedoch keine Gew\u00e4hr nach \u00a7 8 bis 10 TMG \u00fcbernommen. Die Haftung f\u00fcr den Inhalt der abrufbaren Informationen wird ausgeschlossen, soweit es sich nicht um vors\u00e4tzliche oder grob fahrl\u00e4ssige Falschinformation handelt. Verpflichtungen zur Entfernung oder Sperrung der Nutzung von Informationen nach den allgemeinen Gesetzen bleiben hiervon unber\u00fchrt. Eine diesbez\u00fcgliche Haftung ist jedoch erst ab dem Zeitpunkt der Kenntnis einer konkreten Rechtsverletzung m\u00f6glich. Bei Bekanntwerden von entsprechenden Rechtsverletzungen werde ich diese Inhalte umgehend entfernen.<\/p>\n\n\n\n<h3 class=\"wp-block-heading\">Urheberrecht<\/h3>\n\n\n\n<p>Die durch den Betreiber dieser Seite erstellten Inhalte und Werke auf diesen Webseiten unterliegen dem deutschen Urheberrecht. S\u00e4mtliche Beitr\u00e4ge Dritter sind als solche gekennzeichnet. Die Vervielf\u00e4ltigung, Bearbeitung, Verbreitung und jede Art der Verwertung au\u00dferhalb der Grenzen des Urheberrechts bed\u00fcrfen der schriftlichen Zustimmung des jeweiligen Autors bzw. Erstellers. Kopien von diesen Seiten sind nur f\u00fcr den privaten Bereich gestattet, nicht jedoch f\u00fcr kommerzielle Zwecke.<\/p>\n\n\n\n<h3 class=\"wp-block-heading\">Datenschutz<\/h3>\n\n\n\n<p>Die Nutzung meiner Webseite ist in der Regel ohne Angabe personenbezogener Daten m\u00f6glich. Soweit auf meinen Seiten personenbezogene Daten (beispielsweise E-Mail-Adresse) erhoben werden, erfolgt dies, soweit m\u00f6glich, stets auf freiwilliger Basis. Diese Daten werden ohne Ihre ausdr\u00fcckliche Zustimmung nicht an Dritte weitergegeben.<\/p>\n\n\n\n<p>In Verbindung mit Ihrem Zugriff werden in unserem Server f\u00fcr Zwecke der Datensicherheit vor\u00fcbergehend Daten gespeichert, die m\u00f6glicherweise eine Identifizierung zulassen (zum Beispiel IP-Adresse, Datum, Uhrzeit und Name der angeforderten Datei). Eine Auswertung, mit Ausnahme f\u00fcr statistische Zwecke in anonymisierter Form, erfolgt nicht.<\/p>\n\n\n\n<hr class=\"wp-block-separator\"\/>\n\n\n\n<p><a href=\"https:\/\/ludwig.in-chemnitz.de\/chrono\/\">Zur\u00fcck zur Homepage<\/a><\/p>\n","protected":false},"excerpt":{"rendered":"<p>Haftung f\u00fcr Inhalte Die auf den Web-Seiten abrufbaren Beitr\u00e4ge dienen nur der allgemeinen Information und nicht der Beratung in konkreten F\u00e4llen. Ich bin bem\u00fcht, f\u00fcr die Richtigkeit und Aktualit\u00e4t aller auf der Website enthaltenen Informationen und Daten gem\u00e4\u00df \u00a7 7 Abs.1 TMG zu sorgen. F\u00fcr die Korrektheit, die Vollst\u00e4ndigkeit, die Aktualit\u00e4t oder Qualit\u00e4t der bereitgestellten&#8230;<\/p>\n","protected":false},"author":1,"featured_media":0,"parent":0,"menu_order":0,"comment_status":"closed","ping_status":"closed","template":"","meta":{"footnotes":""},"_links":{"self":[{"href":"https:\/\/ludwig.in-chemnitz.de\/chrono\/wp-json\/wp\/v2\/pages\/72"}],"collection":[{"href":"https:\/\/ludwig.in-chemnitz.de\/chrono\/wp-json\/wp\/v2\/pages"}],"about":[{"href":"https:\/\/ludwig.in-chemnitz.de\/chrono\/wp-json\/wp\/v2\/types\/page"}],"author":[{"embeddable":true,"href":"https:\/\/ludwig.in-chemnitz.de\/chrono\/wp-json\/wp\/v2\/users\/1"}],"replies":[{"embeddable":true,"href":"https:\/\/ludwig.in-chemnitz.de\/chrono\/wp-json\/wp\/v2\/comments?post=72"}],"version-history":[{"count":7,"href":"https:\/\/ludwig.in-chemnitz.de\/chrono\/wp-json\/wp\/v2\/pages\/72\/revisions"}],"predecessor-version":[{"id":96,"href":"https:\/\/ludwig.in-chemnitz.de\/chrono\/wp-json\/wp\/v2\/pages\/72\/revisions\/96"}],"wp:attachment":[{"href":"https:\/\/ludwig.in-chemnitz.de\/chrono\/wp-json\/wp\/v2\/media?parent=72"}],"curies":[{"name":"wp","href":"https:\/\/api.w.org\/{rel}","templated":true}]}}