{"id":97,"date":"2020-05-10T10:44:58","date_gmt":"2020-05-10T10:44:58","guid":{"rendered":"https:\/\/ludwig.in-chemnitz.de\/chrono\/?page_id=97"},"modified":"2020-05-21T12:21:48","modified_gmt":"2020-05-21T12:21:48","slug":"kontakt","status":"publish","type":"page","link":"https:\/\/ludwig.in-chemnitz.de\/chrono\/kontakt\/","title":{"rendered":"Kontakt"},"content":{"rendered":"\n<p>Haben Sie Fragen, Kritik, W\u00fcnsche oder Hinweise? Verfassen Sie gerne einen Kommentar unter dem entsprechendem Artikel oder schreiben Sie mir eine Email:<\/p>\n\n\n\n<p>ludwig+chrono [at] mahjongg.in-chemnitz.de<\/p>\n\n\n\n<p>Im Laufe meiner Arbeit habe ich mich intensiv mit dem Thema befasst und mir umfangreiches Wissen angeeignet. Bei der Durchf\u00fchrung der Umfrage zur Erfassung der Chronotypen an meiner Schule ist eine Onlineumfrage mit automatischer Auswertung entstanden, welche bereit ist auch an anderen Schulen oder Institutionen durchgef\u00fchrt zu werden. Falls Sie eine potentielle Teilnehmergruppe kennen, so w\u00fcrde ich mich \u00fcber eine Email freuen. Auf eine gute Zusammenarbeit!<\/p>\n\n\n\n<p>Ludwig Sontag<\/p>\n\n\n\n<hr class=\"wp-block-separator\"\/>\n\n\n\n<p><a href=\"https:\/\/ludwig.in-chemnitz.de\/chrono\">Zur\u00fcck zur Homepage<\/a><\/p>\n","protected":false},"excerpt":{"rendered":"<p>Haben Sie Fragen, Kritik, W\u00fcnsche oder Hinweise? Verfassen Sie gerne einen Kommentar unter dem entsprechendem Artikel oder schreiben Sie mir eine Email: ludwig+chrono [at] mahjongg.in-chemnitz.de Im Laufe meiner Arbeit habe ich mich intensiv mit dem Thema befasst und mir umfangreiches Wissen angeeignet. Bei der Durchf\u00fchrung der Umfrage zur Erfassung der Chronotypen an meiner Schule ist&#8230;<\/p>\n","protected":false},"author":1,"featured_media":0,"parent":0,"menu_order":0,"comment_status":"open","ping_status":"closed","template":"","meta":{"footnotes":""},"_links":{"self":[{"href":"https:\/\/ludwig.in-chemnitz.de\/chrono\/wp-json\/wp\/v2\/pages\/97"}],"collection":[{"href":"https:\/\/ludwig.in-chemnitz.de\/chrono\/wp-json\/wp\/v2\/pages"}],"about":[{"href":"https:\/\/ludwig.in-chemnitz.de\/chrono\/wp-json\/wp\/v2\/types\/page"}],"author":[{"embeddable":true,"href":"https:\/\/ludwig.in-chemnitz.de\/chrono\/wp-json\/wp\/v2\/users\/1"}],"replies":[{"embeddable":true,"href":"https:\/\/ludwig.in-chemnitz.de\/chrono\/wp-json\/wp\/v2\/comments?post=97"}],"version-history":[{"count":5,"href":"https:\/\/ludwig.in-chemnitz.de\/chrono\/wp-json\/wp\/v2\/pages\/97\/revisions"}],"predecessor-version":[{"id":181,"href":"https:\/\/ludwig.in-chemnitz.de\/chrono\/wp-json\/wp\/v2\/pages\/97\/revisions\/181"}],"wp:attachment":[{"href":"https:\/\/ludwig.in-chemnitz.de\/chrono\/wp-json\/wp\/v2\/media?parent=97"}],"curies":[{"name":"wp","href":"https:\/\/api.w.org\/{rel}","templated":true}]}}